{"id":96,"date":"2024-03-17T22:05:00","date_gmt":"2024-03-17T21:05:00","guid":{"rendered":"https:\/\/indigalactica.com\/?page_id=96"},"modified":"2024-08-02T01:06:34","modified_gmt":"2024-08-01T23:06:34","slug":"a-propos","status":"publish","type":"page","link":"https:\/\/indigalactica.com\/?page_id=96","title":{"rendered":"Un bout de mon histoire\u2026"},"content":{"rendered":"\n<div class=\"wp-block-uagb-advanced-heading uagb-block-058a3ab0\"><h2 class=\"uagb-heading-text\"><strong>Th\u00e9rapeute holistique et \u00e9nerg\u00e9ticienne<\/strong><\/h2><\/div>\n\n\n\n<div style=\"height:19px\" aria-hidden=\"true\" class=\"wp-block-spacer\"><\/div>\n\n\n\n<div class=\"wp-block-uagb-advanced-heading uagb-block-3614e75a\"><h2 class=\"uagb-heading-text\">J\u2019accompagne chacun \u00e0 reprendre son pouvoir et croire en sa lumi\u00e8re int\u00e9rieure !<\/h2><\/div>\n\n\n\n<div style=\"height:37px\" aria-hidden=\"true\" class=\"wp-block-spacer\"><\/div>\n\n\n\n<div class=\"wp-block-media-text alignfull has-media-on-the-right is-stacked-on-mobile is-vertically-aligned-center\"><div class=\"wp-block-media-text__content\">\n<div style=\"height:37px\" aria-hidden=\"true\" class=\"wp-block-spacer\"><\/div>\n\n\n\n<div class=\"wp-block-uagb-advanced-heading uagb-block-0358bfc5\"><h2 class=\"uagb-heading-text\">Enfant des \u00e9toiles<\/h2><\/div>\n\n\n\n<p class=\"has-text-align-center\">Bienvenue dans mon univers magique ! Je suis indigalactica, <strong>d\u00e9j\u00e0 petite, j\u2019\u00e9tais cr\u00e9ative, tr\u00e8s r\u00eaveuse, toujours dans les \u00e9toiles et des id\u00e9es plein la t\u00eate.<\/strong><\/p>\n\n\n\n<p class=\"has-text-align-center\"><strong>Enfant indigo, je me suis toujours sentie en d\u00e9calage<\/strong> ou du moins en attente constante que mes galactiques viennent un jour me chercher sur cette Terre. J\u2019ai vite compris qu\u2019ils ne viendraient pas de mani\u00e8re physique mais plut\u00f4t de mani\u00e8re subtile. Je devais accepter dans un premier temps mon incarnation sur cette plan\u00e8te pour <strong>vivre pleinement ma vie !<\/strong> J\u2019ai donc d\u00e9cid\u00e9 de faire confiance en mon \u00e2me, car elle savait exactement ce qu\u2019elle \u00e9tait venue accomplir : \u00ab <strong>apprendre \u00e0 m\u2019aimer et \u00e0 m\u2019accepter<\/strong> \u00bb et bien s\u00fbre \u00ab <strong>\u00e9veiller la lumi\u00e8re int\u00e9rieure chez les \u00eatres humains<\/strong> \u00bb. Aujourd\u2019hui <strong>je communique avec mes galactiques et transmets leurs messages lors de mes soins.<\/strong> <\/p>\n\n\n\n<p class=\"has-text-align-center\"><strong>Hypersensible<\/strong>, j\u2019ai pu d\u00e9velopper et assumer pleinement mes dons. Apr\u00e8s avoir v\u00e9cu des multitudes d\u2019exp\u00e9riences paranormales, il m\u2019a fallu bien plus de 10 ans pour l\u2019accepter. J\u2019ai donc essay\u00e9 de suivre des formations, qui m\u2019ont apport\u00e9 des outils importants. Mais trop protocolaire pour moi, \u00e7a ne me correspondait pas.<strong> J\u2019ai donc d\u00e9cid\u00e9 de suivre mon c\u0153ur et de vous partager mes exp\u00e9riences et mon v\u00e9cu qui m\u2019ont amen\u00e9 \u00e0 acqu\u00e9rir mes propres techniques et outils dans ma pratique de gu\u00e9rison de l\u2019\u00e2me.<\/strong><\/p>\n<\/div><figure class=\"wp-block-media-text__media\"><img loading=\"lazy\" decoding=\"async\" width=\"724\" height=\"1024\" src=\"https:\/\/indigalactica.com\/wp-content\/uploads\/2024\/03\/Site-internet-1-1-edited-724x1024.png\" alt=\"\" class=\"wp-image-488 size-full\" srcset=\"https:\/\/indigalactica.com\/wp-content\/uploads\/2024\/03\/Site-internet-1-1-edited-724x1024.png 724w, https:\/\/indigalactica.com\/wp-content\/uploads\/2024\/03\/Site-internet-1-1-edited-600x849.png 600w, https:\/\/indigalactica.com\/wp-content\/uploads\/2024\/03\/Site-internet-1-1-edited-212x300.png 212w, https:\/\/indigalactica.com\/wp-content\/uploads\/2024\/03\/Site-internet-1-1-edited-768x1086.png 768w, https:\/\/indigalactica.com\/wp-content\/uploads\/2024\/03\/Site-internet-1-1-edited-1086x1536.png 1086w, https:\/\/indigalactica.com\/wp-content\/uploads\/2024\/03\/Site-internet-1-1-edited-42x60.png 42w, https:\/\/indigalactica.com\/wp-content\/uploads\/2024\/03\/Site-internet-1-1-edited.png 1342w\" sizes=\"auto, (max-width: 724px) 100vw, 724px\" \/><\/figure><\/div>\n\n\n\n<div style=\"height:35px\" aria-hidden=\"true\" class=\"wp-block-spacer\"><\/div>\n\n\n\n<div class=\"wp-block-media-text alignfull is-stacked-on-mobile\" style=\"grid-template-columns:45% auto\"><figure class=\"wp-block-media-text__media\"><img loading=\"lazy\" decoding=\"async\" width=\"724\" height=\"1024\" src=\"https:\/\/indigalactica.com\/wp-content\/uploads\/2024\/04\/Site-internet-7-724x1024.png\" alt=\"\" class=\"wp-image-1284 size-full\" srcset=\"https:\/\/indigalactica.com\/wp-content\/uploads\/2024\/04\/Site-internet-7-724x1024.png 724w, https:\/\/indigalactica.com\/wp-content\/uploads\/2024\/04\/Site-internet-7-600x849.png 600w, https:\/\/indigalactica.com\/wp-content\/uploads\/2024\/04\/Site-internet-7-212x300.png 212w, https:\/\/indigalactica.com\/wp-content\/uploads\/2024\/04\/Site-internet-7-768x1086.png 768w, https:\/\/indigalactica.com\/wp-content\/uploads\/2024\/04\/Site-internet-7-1086x1536.png 1086w, https:\/\/indigalactica.com\/wp-content\/uploads\/2024\/04\/Site-internet-7-1448x2048.png 1448w, https:\/\/indigalactica.com\/wp-content\/uploads\/2024\/04\/Site-internet-7-42x60.png 42w\" sizes=\"auto, (max-width: 724px) 100vw, 724px\" \/><\/figure><div class=\"wp-block-media-text__content\">\n<div style=\"height:46px\" aria-hidden=\"true\" class=\"wp-block-spacer\"><\/div>\n\n\n\n<div class=\"wp-block-uagb-advanced-heading uagb-block-af8d535f\"><h2 class=\"uagb-heading-text\">Je t&rsquo;aide \u00e0 reprendre ton pouvoir<\/h2><\/div>\n\n\n\n<p><strong>Apr\u00e8s plus de 20 ans de cheminement vers l\u2019\u00e9veil spirituel, je me suis mise \u00e0 mon compte en 2020.<\/strong> <\/p>\n\n\n\n<p class=\"has-text-align-center\">Franco mexicaine, je suis entre le ciel et la terre, entre le Mexique et la France et j\u2019ai trouv\u00e9 mon \u00e9quilibre en combinant ma cr\u00e9ativit\u00e9 avec ma spiritualit\u00e9. <strong>Je cr\u00e9e<\/strong> depuis 2022 <strong>des retraites spirituelles<\/strong> <strong>dans le but d\u2019aider les gens \u00e0 reprendre leur pouvoir personnel et croire en leur lumi\u00e8re int\u00e9rieure.<\/strong> Pour que la magie op\u00e8re, il est important que chacun devienne acteur de son \u00e9veil. Ce que je vis est \u00e0 la port\u00e9e de chaque individu et <strong>nous avons tous le pouvoir de nous auto-gu\u00e9rir.<\/strong><\/p>\n\n\n\n<p>Ayant \u00e9t\u00e9<strong> <\/strong>sc\u00e9nographe pendant 10 ans, notamment au Cirque du Soleil, <strong>ma cr\u00e9ativit\u00e9 et la mise en sc\u00e8ne font partie int\u00e9grante de mon approche<\/strong> pour une immersion totale lors de mes c\u00e9r\u00e9monies et retraites.<\/p>\n\n\n\n<p>Je vous invite vivement \u00e0 vivre une exp\u00e9rience <strong>TRANSFORMATRICE<\/strong> au travers de mes retraites\u2026<\/p>\n<\/div><\/div>\n\n\n\n<div style=\"height:51px\" aria-hidden=\"true\" class=\"wp-block-spacer\"><\/div>\n\n\n\n<div style=\"height:40px\" aria-hidden=\"true\" class=\"wp-block-spacer\"><\/div>\n\n\n\n<div class=\"wp-block-uagb-image aligncenter uagb-block-e93db926 wp-block-uagb-image--layout-default wp-block-uagb-image--effect-static wp-block-uagb-image--align-center\"><figure class=\"wp-block-uagb-image__figure\"><img decoding=\"async\" srcset=\"https:\/\/indigalactica.com\/wp-content\/uploads\/2024\/04\/Site-internet-2-1-1024x345.png ,https:\/\/indigalactica.com\/wp-content\/uploads\/2024\/04\/Site-internet-2-1.png 780w, https:\/\/indigalactica.com\/wp-content\/uploads\/2024\/04\/Site-internet-2-1.png 360w\" sizes=\"auto, (max-width: 480px) 150px\" src=\"https:\/\/indigalactica.com\/wp-content\/uploads\/2024\/04\/Site-internet-2-1-1024x345.png\" alt=\"\" class=\"uag-image-1017\" width=\"1024\" height=\"724\" title=\"Site-internet-2-1\" loading=\"lazy\" role=\"img\"\/><\/figure><\/div>\n\n\n\n<div style=\"height:24px\" aria-hidden=\"true\" class=\"wp-block-spacer\"><\/div>\n\n\n\n<div style=\"height:44px\" aria-hidden=\"true\" class=\"wp-block-spacer\"><\/div>\n\n\n\n<div class=\"wp-block-uagb-advanced-heading uagb-block-4708adfc\"><h2 class=\"uagb-heading-text\">\u2728<\/h2><\/div>\n\n\n\n<div class=\"wp-block-uagb-advanced-heading uagb-block-32f969d5\"><h2 class=\"uagb-heading-text\">Mes exp\u00e9riences acquises<\/h2><\/div>\n\n\n\n<div style=\"height:23px\" aria-hidden=\"true\" class=\"wp-block-spacer\"><\/div>\n\n\n\n<div class=\"wp-block-uagb-image alignwide uagb-block-bd7b3577 wp-block-uagb-image--layout-default wp-block-uagb-image--effect-static wp-block-uagb-image--align-wide\"><figure class=\"wp-block-uagb-image__figure\"><img decoding=\"async\" srcset=\"https:\/\/indigalactica.com\/wp-content\/uploads\/2024\/08\/154-1024x1018.png ,https:\/\/indigalactica.com\/wp-content\/uploads\/2024\/08\/154.png 780w, https:\/\/indigalactica.com\/wp-content\/uploads\/2024\/08\/154-1024x1018.png 360w\" sizes=\"auto, (max-width: 480px) 150px\" src=\"https:\/\/indigalactica.com\/wp-content\/uploads\/2024\/08\/154-1024x1018.png\" alt=\"\" class=\"uag-image-2891\" width=\"1414\" height=\"1406\" title=\"154\" loading=\"lazy\" role=\"img\"\/><\/figure><\/div>\n\n\n\n<div style=\"height:44px\" aria-hidden=\"true\" class=\"wp-block-spacer\"><\/div>\n\n\n\n<div class=\"wp-block-uagb-advanced-heading uagb-block-b0702efc\"><h2 class=\"uagb-heading-text\">\u2728<\/h2><\/div>\n\n\n\n<div class=\"wp-block-uagb-advanced-heading uagb-block-d9b1d173\"><h2 class=\"uagb-heading-text\"> Mes formations <\/h2><\/div>\n\n\n\n<div style=\"height:23px\" aria-hidden=\"true\" class=\"wp-block-spacer\"><\/div>\n\n\n\n<ul style=\"font-size:17px\" class=\"wp-block-list\">\n<li style=\"font-size:17px\">Th\u00e9rapeute spirituelle \u00b7&nbsp;Nathalie Ardanouy. (canalisation, hypnose transg\u00e9n\u00e9rationnelle\u2026 ).<\/li>\n\n\n\n<li style=\"font-size:17px\">Programmation m\u00e9moires du corps \u00b7 Martine Scrivt.<\/li>\n\n\n\n<li style=\"font-size:17px\">Art th\u00e9rapie<\/li>\n\n\n\n<li style=\"font-size:17px\">Reiki \u00b7 les soins \u00e9nerg\u00e9tiques : niveau 1.&nbsp;<\/li>\n\n\n\n<li style=\"font-size:17px\">Thetahealing : niveau 1.<\/li>\n\n\n\n<li style=\"font-size:17px\">Soins praniques et quantiques.<\/li>\n\n\n\n<li style=\"font-size:17px\">Pr\u00e9vention sur l\u2019abus sexuel (pour les enfants).<\/li>\n<\/ul>\n\n\n\n<div style=\"height:18px\" aria-hidden=\"true\" class=\"wp-block-spacer\"><\/div>\n\n\n\n<div class=\"wp-block-uagb-buttons uagb-buttons__outer-wrap uagb-btn__default-btn uagb-btn-tablet__default-btn uagb-btn-mobile__default-btn uagb-block-66c7742c\"><div class=\"uagb-buttons__wrap uagb-buttons-layout-wrap \">\n<div data-aos= \"zoom-in\" data-aos-duration=\"400\" data-aos-delay=\"0\" data-aos-easing=\"ease\" data-aos-once=\"true\" class=\"wp-block-uagb-buttons-child uagb-buttons__outer-wrap uagb-block-40ed0970 wp-block-button\"><div class=\"uagb-button__wrapper\"><a class=\"uagb-buttons-repeater wp-block-button__link\" aria-label=\"\" href=\"https:\/\/indigalactica.com\/wp-content\/uploads\/2024\/08\/Site-internet.jpg\" rel=\"follow noopener\" target=\"_blank\" role=\"button\"><div class=\"uagb-button__link\">Mon CV Galactique<\/div><span class=\"uagb-button__icon uagb-button__icon-position-after\"><svg xmlns=\"https:\/\/www.w3.org\/2000\/svg\" viewBox=\"0 0 448 512\" aria-hidden=\"true\" focussable=\"false\"><path d=\"M438.6 278.6l-160 160C272.4 444.9 264.2 448 256 448s-16.38-3.125-22.62-9.375c-12.5-12.5-12.5-32.75 0-45.25L338.8 288H32C14.33 288 .0016 273.7 .0016 256S14.33 224 32 224h306.8l-105.4-105.4c-12.5-12.5-12.5-32.75 0-45.25s32.75-12.5 45.25 0l160 160C451.1 245.9 451.1 266.1 438.6 278.6z\"><\/path><\/svg><\/span><\/a><\/div><\/div>\n<\/div><\/div>\n\n\n\n<div style=\"height:136px\" aria-hidden=\"true\" class=\"wp-block-spacer\"><\/div>\n\n\n\n<div class=\"wp-block-uagb-buttons uagb-buttons__outer-wrap uagb-btn__default-btn uagb-btn-tablet__default-btn uagb-btn-mobile__default-btn uagb-block-9c653022\"><div class=\"uagb-buttons__wrap uagb-buttons-layout-wrap \">\n<div data-aos= \"zoom-in\" data-aos-duration=\"400\" data-aos-delay=\"0\" data-aos-easing=\"ease\" data-aos-once=\"true\" class=\"wp-block-uagb-buttons-child uagb-buttons__outer-wrap uagb-block-b53e8cbf wp-block-button\"><div class=\"uagb-button__wrapper\"><a class=\"uagb-buttons-repeater wp-block-button__link\" aria-label=\"\" href=\"\/\/www.instagram.com\/direct\/t\/110856690310003?hl=fr\" rel=\"follow noopener\" target=\"_self\" role=\"button\"><div class=\"uagb-button__link\">Me contacter<\/div><\/a><\/div><\/div>\n<\/div><\/div>\n\n\n\n<div style=\"height:41px\" aria-hidden=\"true\" class=\"wp-block-spacer\"><\/div>\n","protected":false},"excerpt":{"rendered":"<p>Th\u00e9rapeute holistique et \u00e9nerg\u00e9ticienne J\u2019accompagne chacun \u00e0 reprendre son pouvoir et croire en sa lumi\u00e8re int\u00e9rieure ! \u2728 Mes exp\u00e9riences acquises \u2728 Mes formations<\/p>\n","protected":false},"author":1,"featured_media":0,"parent":0,"menu_order":0,"comment_status":"closed","ping_status":"closed","template":"","meta":{"_uag_custom_page_level_css":"","_monsterinsights_skip_tracking":false,"_monsterinsights_sitenote_active":false,"_monsterinsights_sitenote_note":"","_monsterinsights_sitenote_category":0,"two_page_speed":[],"footnotes":""},"class_list":["post-96","page","type-page","status-publish","hentry"],"aioseo_notices":[],"uagb_featured_image_src":{"full":false,"thumbnail":false,"medium":false,"medium_large":false,"large":false,"1536x1536":false,"2048x2048":false,"vilva-slider-one":false,"vilva-featured-four":false,"vilva-blog":false,"vilva-blog-one":false,"vilva-sidebar":false,"tenweb_optimizer_mobile":false,"tenweb_optimizer_tablet":false,"woocommerce_thumbnail":false,"woocommerce_single":false,"woocommerce_gallery_thumbnail":false},"uagb_author_info":{"display_name":"indigalactica","author_link":"https:\/\/indigalactica.com\/?author=1"},"uagb_comment_info":0,"uagb_excerpt":"Th\u00e9rapeute holistique et \u00e9nerg\u00e9ticienne J\u2019accompagne chacun \u00e0 reprendre son pouvoir et croire en sa lumi\u00e8re int\u00e9rieure ! \u2728 Mes exp\u00e9riences acquises \u2728 Mes formations","jetpack_sharing_enabled":true,"_links":{"self":[{"href":"https:\/\/indigalactica.com\/index.php?rest_route=\/wp\/v2\/pages\/96","targetHints":{"allow":["GET"]}}],"collection":[{"href":"https:\/\/indigalactica.com\/index.php?rest_route=\/wp\/v2\/pages"}],"about":[{"href":"https:\/\/indigalactica.com\/index.php?rest_route=\/wp\/v2\/types\/page"}],"author":[{"embeddable":true,"href":"https:\/\/indigalactica.com\/index.php?rest_route=\/wp\/v2\/users\/1"}],"replies":[{"embeddable":true,"href":"https:\/\/indigalactica.com\/index.php?rest_route=%2Fwp%2Fv2%2Fcomments&post=96"}],"version-history":[{"count":183,"href":"https:\/\/indigalactica.com\/index.php?rest_route=\/wp\/v2\/pages\/96\/revisions"}],"predecessor-version":[{"id":2987,"href":"https:\/\/indigalactica.com\/index.php?rest_route=\/wp\/v2\/pages\/96\/revisions\/2987"}],"wp:attachment":[{"href":"https:\/\/indigalactica.com\/index.php?rest_route=%2Fwp%2Fv2%2Fmedia&parent=96"}],"curies":[{"name":"wp","href":"https:\/\/api.w.org\/{rel}","templated":true}]}}