{"id":75,"date":"2024-03-14T16:24:53","date_gmt":"2024-03-14T15:24:53","guid":{"rendered":"https:\/\/indigalactica.com\/?page_id=75"},"modified":"2024-06-19T01:00:12","modified_gmt":"2024-06-18T23:00:12","slug":"ateliers-masterclass","status":"publish","type":"page","link":"https:\/\/indigalactica.com\/?page_id=75","title":{"rendered":"Ateliers \/ Masterclass"},"content":{"rendered":"\n<p class=\"has-text-align-left\">[En pr\u00e9paration]<\/p>\n\n\n\n<p class=\"has-text-align-center has-text-color has-link-color has-large-font-size wp-elements-086fdfdb5cbef8048554fa5f3838e6df\" style=\"color:#ed9a94;font-style:normal;font-weight:800\">Tout est en vous !<\/p>\n\n\n\n<p class=\"has-text-align-center has-medium-font-size\">Gr\u00e2ce aux ateliers, vous reprendrez votre pouvoir. <\/p>\n\n\n\n<div class=\"wp-block-columns alignwide is-layout-flex wp-container-core-columns-is-layout-9d6595d7 wp-block-columns-is-layout-flex\">\n<div class=\"wp-block-column is-layout-flow wp-block-column-is-layout-flow\" style=\"flex-basis:50%\">\n<div data-aos= \"fade-right\" data-aos-duration=\"400\" data-aos-delay=\"0\" data-aos-easing=\"ease\" data-aos-once=\"true\" class=\"wp-block-uagb-image alignright uagb-block-c38f95ed wp-block-uagb-image--layout-default wp-block-uagb-image--effect-static wp-block-uagb-image--align-right\"><figure class=\"wp-block-uagb-image__figure\"><img decoding=\"async\" srcset=\"https:\/\/indigalactica.com\/wp-content\/uploads\/2024\/04\/Site-internet-8-2-724x1024.png ,https:\/\/indigalactica.com\/wp-content\/uploads\/2024\/04\/Site-internet-8-2.png 780w, https:\/\/indigalactica.com\/wp-content\/uploads\/2024\/04\/Site-internet-8-2.png 360w\" sizes=\"auto, (max-width: 480px) 150px\" src=\"https:\/\/indigalactica.com\/wp-content\/uploads\/2024\/04\/Site-internet-8-2-724x1024.png\" alt=\"\" class=\"uag-image-1312\" width=\"313\" height=\"440\" title=\"Site-internet-8-2\" loading=\"lazy\" role=\"img\"\/><\/figure><\/div>\n<\/div>\n\n\n\n<div class=\"wp-block-column is-layout-flow wp-block-column-is-layout-flow\" style=\"flex-basis:50%\">\n<div style=\"height:56px\" aria-hidden=\"true\" class=\"wp-block-spacer\"><\/div>\n\n\n\n<div class=\"wp-block-uagb-advanced-heading uagb-block-415d7cf0\"><h2 class=\"uagb-heading-text\">Vous apprendrez \u00e0<\/h2><\/div>\n\n\n\n<ul class=\"wp-block-list\">\n<li>D\u00e9velopper vos dons<\/li>\n\n\n\n<li>Communiquer avec vos guides<\/li>\n\n\n\n<li>Vous auto-gu\u00e9rir<\/li>\n\n\n\n<li>D\u00e9couvrir votre mission d\u2019\u00e2me<\/li>\n\n\n\n<li>Purifier un lieu<\/li>\n\n\n\n<li>Communiquer avec un \u00eatre disparu<br>\u2026 et encore plus de magie !<\/li>\n<\/ul>\n<\/div>\n<\/div>\n","protected":false},"excerpt":{"rendered":"<p>[En pr\u00e9paration] Tout est en vous ! Gr\u00e2ce aux ateliers, vous reprendrez votre pouvoir. Vous apprendrez \u00e0<\/p>\n","protected":false},"author":1,"featured_media":0,"parent":0,"menu_order":0,"comment_status":"closed","ping_status":"closed","template":"","meta":{"_uag_custom_page_level_css":"","_monsterinsights_skip_tracking":false,"_monsterinsights_sitenote_active":false,"_monsterinsights_sitenote_note":"","_monsterinsights_sitenote_category":0,"two_page_speed":[],"footnotes":""},"class_list":["post-75","page","type-page","status-publish","hentry"],"aioseo_notices":[],"uagb_featured_image_src":{"full":false,"thumbnail":false,"medium":false,"medium_large":false,"large":false,"1536x1536":false,"2048x2048":false,"vilva-slider-one":false,"vilva-featured-four":false,"vilva-blog":false,"vilva-blog-one":false,"vilva-sidebar":false,"tenweb_optimizer_mobile":false,"tenweb_optimizer_tablet":false,"woocommerce_thumbnail":false,"woocommerce_single":false,"woocommerce_gallery_thumbnail":false},"uagb_author_info":{"display_name":"indigalactica","author_link":"https:\/\/indigalactica.com\/?author=1"},"uagb_comment_info":0,"uagb_excerpt":"[En pr\u00e9paration] Tout est en vous ! Gr\u00e2ce aux ateliers, vous reprendrez votre pouvoir. Vous apprendrez \u00e0","jetpack_sharing_enabled":true,"_links":{"self":[{"href":"https:\/\/indigalactica.com\/index.php?rest_route=\/wp\/v2\/pages\/75","targetHints":{"allow":["GET"]}}],"collection":[{"href":"https:\/\/indigalactica.com\/index.php?rest_route=\/wp\/v2\/pages"}],"about":[{"href":"https:\/\/indigalactica.com\/index.php?rest_route=\/wp\/v2\/types\/page"}],"author":[{"embeddable":true,"href":"https:\/\/indigalactica.com\/index.php?rest_route=\/wp\/v2\/users\/1"}],"replies":[{"embeddable":true,"href":"https:\/\/indigalactica.com\/index.php?rest_route=%2Fwp%2Fv2%2Fcomments&post=75"}],"version-history":[{"count":13,"href":"https:\/\/indigalactica.com\/index.php?rest_route=\/wp\/v2\/pages\/75\/revisions"}],"predecessor-version":[{"id":1393,"href":"https:\/\/indigalactica.com\/index.php?rest_route=\/wp\/v2\/pages\/75\/revisions\/1393"}],"wp:attachment":[{"href":"https:\/\/indigalactica.com\/index.php?rest_route=%2Fwp%2Fv2%2Fmedia&parent=75"}],"curies":[{"name":"wp","href":"https:\/\/api.w.org\/{rel}","templated":true}]}}