{"id":1438,"date":"2024-06-19T02:15:31","date_gmt":"2024-06-19T00:15:31","guid":{"rendered":"https:\/\/indigalactica.com\/?page_id=1438"},"modified":"2024-07-05T19:02:45","modified_gmt":"2024-07-05T17:02:45","slug":"ma-newsletter","status":"publish","type":"page","link":"https:\/\/indigalactica.com\/?page_id=1438","title":{"rendered":"Ma Newsletter"},"content":{"rendered":"\n<div class=\"wp-block-uagb-image aligncenter uagb-block-43ee446d wp-block-uagb-image--layout-default wp-block-uagb-image--effect-static wp-block-uagb-image--align-center\"><figure class=\"wp-block-uagb-image__figure\"><img decoding=\"async\" srcset=\"https:\/\/indigalactica.com\/wp-content\/uploads\/2024\/03\/Site-internet-6-724x1024.png ,https:\/\/indigalactica.com\/wp-content\/uploads\/2024\/03\/Site-internet-6.png 780w, https:\/\/indigalactica.com\/wp-content\/uploads\/2024\/03\/Site-internet-6-212x300.png 360w\" sizes=\"auto, (max-width: 480px) 150px\" src=\"https:\/\/indigalactica.com\/wp-content\/uploads\/2024\/03\/Site-internet-6-724x1024.png\" alt=\"\" class=\"uag-image-542\" width=\"724\" height=\"1024\" title=\"\" loading=\"lazy\" role=\"presentation\"\/><\/figure><\/div>\n\n\n\n<div class=\"wp-block-uagb-advanced-heading uagb-block-c11675e2\"><h2 class=\"uagb-heading-text\">\u2728 Inscris toi \u00e0 ma Galactica Letter \u2728<\/h2><p class=\"uagb-desc-text\">Reste inform\u00e9(e) des prochaines retraites et ateliers ! <\/p><\/div>\n\n\n\n<div class=\"wp-block-uagb-forms uagb-forms__outer-wrap uagb-block-9f31b9f1 uagb-forms__medium-btn\"><form class=\"uagb-forms-main-form\" method=\"post\" autocomplete=\"on\" name=\"uagb-form-9f31b9f1\">\n<div class=\"wp-block-uagb-forms-name uagb-forms-name-wrap uagb-forms-field-set uagb-block-60837054\"><div class=\"uagb-forms-name-label required uagb-forms-input-label\" id=\"60837054\">Nom<\/div><input type=\"text\" placeholder=\"Indi Galactica\" required class=\"uagb-forms-name-input uagb-forms-input\" name=\"60837054\" autocomplete=\"name\"\/><\/div>\n\n\n\n<div class=\"wp-block-uagb-forms-email uagb-forms-email-wrap uagb-forms-field-set uagb-block-f437e40c\"><div class=\"uagb-forms-email-label required uagb-forms-input-label\" id=\"f437e40c\">E-mail<\/div><input type=\"email\" class=\"uagb-forms-email-input uagb-forms-input\" placeholder=\"indigalactica@gmail.com\" required name=\"f437e40c\" autocomplete=\"email\"\/><\/div>\n<div class=\"uagb-forms-form-hidden-data\"><input type=\"hidden\" class=\"uagb_forms_form_label\" value=\"Formulaire Spectra\"\/><input type=\"hidden\" class=\"uagb_forms_form_id\" value=\"uagb-form-9f31b9f1\"\/><\/div><div class=\"uagb-form-reacaptcha-error-9f31b9f1\"><\/div><div class=\"uagb-forms-main-submit-button-wrap wp-block-button\"><button class=\"uagb-forms-main-submit-button wp-block-button__link\"><div class=\"uagb-forms-main-submit-button-text\">Envoyer<\/div><\/button><\/div><\/form><div class=\"uagb-forms-success-message-9f31b9f1 uagb-forms-submit-message-hide\"><span>Le formulaire a bien \u00e9t\u00e9 envoy\u00e9\u00a0!<\/span><\/div><div class=\"uagb-forms-failed-message-9f31b9f1 uagb-forms-submit-message-hide\"><span>Une erreur s\u2019est produite lors de l\u2019envoi du formulaire. Veuillez v\u00e9rifier \u00e0 nouveau tous les champs du formulaire.<\/span><\/div><\/div>\n","protected":false},"excerpt":{"rendered":"<p>\u2728 Inscris toi \u00e0 ma Galactica Letter \u2728 Reste inform\u00e9(e) des prochaines retraites et ateliers !<\/p>\n","protected":false},"author":1,"featured_media":0,"parent":0,"menu_order":0,"comment_status":"closed","ping_status":"closed","template":"","meta":{"_uag_custom_page_level_css":"","_monsterinsights_skip_tracking":false,"_monsterinsights_sitenote_active":false,"_monsterinsights_sitenote_note":"","_monsterinsights_sitenote_category":0,"two_page_speed":[],"footnotes":""},"class_list":["post-1438","page","type-page","status-publish","hentry"],"aioseo_notices":[],"uagb_featured_image_src":{"full":false,"thumbnail":false,"medium":false,"medium_large":false,"large":false,"1536x1536":false,"2048x2048":false,"vilva-slider-one":false,"vilva-featured-four":false,"vilva-blog":false,"vilva-blog-one":false,"vilva-sidebar":false,"tenweb_optimizer_mobile":false,"tenweb_optimizer_tablet":false,"woocommerce_thumbnail":false,"woocommerce_single":false,"woocommerce_gallery_thumbnail":false},"uagb_author_info":{"display_name":"indigalactica","author_link":"https:\/\/indigalactica.com\/?author=1"},"uagb_comment_info":0,"uagb_excerpt":"\u2728 Inscris toi \u00e0 ma Galactica Letter \u2728 Reste inform\u00e9(e) des prochaines retraites et ateliers !","jetpack_sharing_enabled":true,"_links":{"self":[{"href":"https:\/\/indigalactica.com\/index.php?rest_route=\/wp\/v2\/pages\/1438","targetHints":{"allow":["GET"]}}],"collection":[{"href":"https:\/\/indigalactica.com\/index.php?rest_route=\/wp\/v2\/pages"}],"about":[{"href":"https:\/\/indigalactica.com\/index.php?rest_route=\/wp\/v2\/types\/page"}],"author":[{"embeddable":true,"href":"https:\/\/indigalactica.com\/index.php?rest_route=\/wp\/v2\/users\/1"}],"replies":[{"embeddable":true,"href":"https:\/\/indigalactica.com\/index.php?rest_route=%2Fwp%2Fv2%2Fcomments&post=1438"}],"version-history":[{"count":14,"href":"https:\/\/indigalactica.com\/index.php?rest_route=\/wp\/v2\/pages\/1438\/revisions"}],"predecessor-version":[{"id":3375,"href":"https:\/\/indigalactica.com\/index.php?rest_route=\/wp\/v2\/pages\/1438\/revisions\/3375"}],"wp:attachment":[{"href":"https:\/\/indigalactica.com\/index.php?rest_route=%2Fwp%2Fv2%2Fmedia&parent=1438"}],"curies":[{"name":"wp","href":"https:\/\/api.w.org\/{rel}","templated":true}]}}